{"id":9,"date":"2026-03-11T10:46:49","date_gmt":"2026-03-11T10:46:49","guid":{"rendered":"https:\/\/qandiro.site\/?page_id=9"},"modified":"2026-03-11T10:46:54","modified_gmt":"2026-03-11T10:46:54","slug":"costo-pannelli-solari","status":"publish","type":"page","link":"https:\/\/qandiro.site\/","title":{"rendered":"Costo pannelli solari"},"content":{"rendered":"\n<p>Molte famiglie a Verona mi chiedono se installare un impianto fotovoltaico nel duemilaventisei sia ancora un investimento sensato o se i prezzi siano diventati inaccessibili. Mi chiamo Marco Moretti e dopo anni passati a gestire la manutenzione di grandi impianti nel settore alberghiero posso dirvi con assoluta certezza che non c&#8217;\u00e8 mai stato un momento migliore per passare all&#8217;autoproduzione. Il mercato della tecnologia solare ha raggiunto una stabilit\u00e0 incredibile e i costi dei componenti di alta qualit\u00e0 sono diminuiti drasticamente rispetto a solo tre o quattro anni fa. Oggi un impianto residenziale standard non \u00e8 pi\u00f9 un lusso per pochi ma uno strumento di difesa economica fondamentale per proteggere il bilancio familiare dalle oscillazioni del mercato elettrico italiano che purtroppo non accenna a stabilizzarsi.<\/p>\n\n\n\n<figure class=\"wp-block-image size-full\"><img loading=\"lazy\" decoding=\"async\" width=\"750\" height=\"563\" src=\"https:\/\/qandiro.site\/wp-content\/uploads\/2026\/03\/bDPh6Fc.webp\" alt=\"\" class=\"wp-image-11\" srcset=\"https:\/\/qandiro.site\/wp-content\/uploads\/2026\/03\/bDPh6Fc.webp 750w, https:\/\/qandiro.site\/wp-content\/uploads\/2026\/03\/bDPh6Fc-300x225.webp 300w\" sizes=\"auto, (max-width: 750px) 100vw, 750px\" \/><\/figure>\n\n\n\n<p>Quando analizziamo il costo non dobbiamo guardare solo al prezzo dei pannelli neri sul tetto. Dobbiamo considerare l&#8217;intero ecosistema che comprende l&#8217;inverter ad alta efficienza il sistema di monitoraggio e la manodopera certificata che garantisce la sicurezza della vostra casa. A Verona e in tutto il Veneto abbiamo una particolarit\u00e0 climatica che richiede materiali resistenti sia alle temperature estive che alle gelate invernali. Risparmiare pochi euro su componenti di dubbia provenienza \u00e8 l&#8217;errore pi\u00f9 grande che un proprietario possa commettere. Un impianto progettato seriamente ha un tempo di rientro dell&#8217;investimento che oggi oscilla tra i cinque e i sette anni grazie alla combinazione tra calo dei prezzi e aumento dell&#8217;efficienza delle celle fotovoltaiche moderne. Dopo questo periodo l&#8217;energia prodotta \u00e8 praticamente puro guadagno per la vostra famiglia per i successivi venticinque anni.<\/p>\n\n\n\n<p>Un altro fattore che incide sul costo reale \u00e8 la possibilit\u00e0 di integrare i pannelli con l&#8217;estetica della nostra splendida citt\u00e0. Molti temono che la soprintendenza o le regole condominiali possano bloccare tutto ma oggi esistono soluzioni architettoniche che si mimetizzano perfettamente con i coppi veronesi. Il valore della vostra propriet\u00e0 aumenta istantaneamente nel momento in cui l&#8217;impianto viene messo in funzione perch\u00e9 una casa in classe energetica superiore \u00e8 molto pi\u00f9 appetibile sul mercato immobiliare locale. Investire nel solare oggi significa mettere al sicuro il proprio capitale in un bene tangibile che produce valore ogni singolo giorno in cui il sole sorge sulla nostra Valpolicella.<\/p>\n\n\n\n<figure class=\"wp-block-image size-large\"><img loading=\"lazy\" decoding=\"async\" width=\"1024\" height=\"705\" src=\"https:\/\/qandiro.site\/wp-content\/uploads\/2026\/03\/oxBylSj5rb06-1024x705.jpg\" alt=\"\" class=\"wp-image-12\" srcset=\"https:\/\/qandiro.site\/wp-content\/uploads\/2026\/03\/oxBylSj5rb06-1024x705.jpg 1024w, https:\/\/qandiro.site\/wp-content\/uploads\/2026\/03\/oxBylSj5rb06-300x207.jpg 300w, https:\/\/qandiro.site\/wp-content\/uploads\/2026\/03\/oxBylSj5rb06-768x529.jpg 768w, https:\/\/qandiro.site\/wp-content\/uploads\/2026\/03\/oxBylSj5rb06-1536x1058.jpg 1536w, https:\/\/qandiro.site\/wp-content\/uploads\/2026\/03\/oxBylSj5rb06-2048x1410.jpg 2048w\" sizes=\"auto, (max-width: 1024px) 100vw, 1024px\" \/><\/figure>\n\n\n\n<p>Vuoi scoprire quanto costa realmente un impianto su misura per la tua casa a Verona e in quanto tempo potrai azzerare le tue bollette? Compila il nostro modulo per ricevere un preventivo dettagliato e professionale. Un esperto della nostra zona ti contatter\u00e0 per analizzare i tuoi consumi e mostrarti il risparmio reale che puoi ottenere fin dal primo mese di attivazione.<\/p>\n","protected":false},"excerpt":{"rendered":"<p>Molte famiglie a Verona mi chiedono se installare un impianto fotovoltaico nel duemilaventisei sia ancora un investimento sensato o se i prezzi siano diventati inaccessibili. Mi chiamo Marco Moretti e dopo anni passati a gestire la manutenzione di grandi impianti nel settore alberghiero posso dirvi con assoluta certezza che non c&#8217;\u00e8 mai stato un momento&hellip;<\/p>\n","protected":false},"author":1,"featured_media":0,"parent":0,"menu_order":1,"comment_status":"closed","ping_status":"closed","template":"","meta":{"footnotes":""},"class_list":["post-9","page","type-page","status-publish","hentry"],"_links":{"self":[{"href":"https:\/\/qandiro.site\/index.php?rest_route=\/wp\/v2\/pages\/9","targetHints":{"allow":["GET"]}}],"collection":[{"href":"https:\/\/qandiro.site\/index.php?rest_route=\/wp\/v2\/pages"}],"about":[{"href":"https:\/\/qandiro.site\/index.php?rest_route=\/wp\/v2\/types\/page"}],"author":[{"embeddable":true,"href":"https:\/\/qandiro.site\/index.php?rest_route=\/wp\/v2\/users\/1"}],"replies":[{"embeddable":true,"href":"https:\/\/qandiro.site\/index.php?rest_route=%2Fwp%2Fv2%2Fcomments&post=9"}],"version-history":[{"count":1,"href":"https:\/\/qandiro.site\/index.php?rest_route=\/wp\/v2\/pages\/9\/revisions"}],"predecessor-version":[{"id":13,"href":"https:\/\/qandiro.site\/index.php?rest_route=\/wp\/v2\/pages\/9\/revisions\/13"}],"wp:attachment":[{"href":"https:\/\/qandiro.site\/index.php?rest_route=%2Fwp%2Fv2%2Fmedia&parent=9"}],"curies":[{"name":"wp","href":"https:\/\/api.w.org\/{rel}","templated":true}]}}